{"id":9,"date":"2013-09-26T22:09:40","date_gmt":"2013-09-26T20:09:40","guid":{"rendered":"http:\/\/www.knipskiste.com\/?page_id=9"},"modified":"2014-07-09T20:22:21","modified_gmt":"2014-07-09T18:22:21","slug":"kontakt","status":"publish","type":"page","link":"http:\/\/www.knipskiste.com\/?page_id=9","title":{"rendered":"kontakt"},"content":{"rendered":"<div role=\"form\" class=\"wpcf7\" id=\"wpcf7-f11-o1\" lang=\"de-DE\" dir=\"ltr\">\n<div class=\"screen-reader-response\"><\/div>\n<form action=\"\/index.php?rest_route=%2Fwp%2Fv2%2Fpages%2F9#wpcf7-f11-o1\" method=\"post\" class=\"wpcf7-form\" novalidate=\"novalidate\">\n<div style=\"display: none;\">\n<input type=\"hidden\" name=\"_wpcf7\" value=\"11\" \/>\n<input type=\"hidden\" name=\"_wpcf7_version\" value=\"5.1.4\" \/>\n<input type=\"hidden\" name=\"_wpcf7_locale\" value=\"de_DE\" \/>\n<input type=\"hidden\" name=\"_wpcf7_unit_tag\" value=\"wpcf7-f11-o1\" \/>\n<input type=\"hidden\" name=\"_wpcf7_container_post\" value=\"0\" \/>\n<\/div>\n<p>thema<br \/>\n<span class=\"wpcf7-form-control-wrap radio-409\"><span class=\"wpcf7-form-control wpcf7-radio\"><span class=\"wpcf7-list-item first\"><input type=\"radio\" name=\"radio-409\" value=\"anfrage\" \/><span class=\"wpcf7-list-item-label\">anfrage<\/span><\/span><span class=\"wpcf7-list-item last\"><input type=\"radio\" name=\"radio-409\" value=\"feedback\" \/><span class=\"wpcf7-list-item-label\">feedback<\/span><\/span><\/span><\/span><\/p>\n<p>ihr name (pflichtfeld)<br \/>\n    <span class=\"wpcf7-form-control-wrap your-name\"><input type=\"text\" name=\"your-name\" value=\"\" size=\"40\" class=\"wpcf7-form-control wpcf7-text wpcf7-validates-as-required\" aria-required=\"true\" aria-invalid=\"false\" \/><\/span> <\/p>\n<p>ihre e-mail-Adresse (pflichtfeld)<br \/>\n    <span class=\"wpcf7-form-control-wrap your-email\"><input type=\"email\" name=\"your-email\" value=\"\" size=\"40\" class=\"wpcf7-form-control wpcf7-text wpcf7-email wpcf7-validates-as-required wpcf7-validates-as-email\" aria-required=\"true\" aria-invalid=\"false\" \/><\/span> <\/p>\n<p>betreff<br \/>\n    <span class=\"wpcf7-form-control-wrap your-subject\"><input type=\"text\" name=\"your-subject\" value=\"\" size=\"40\" class=\"wpcf7-form-control wpcf7-text\" aria-invalid=\"false\" \/><\/span> <\/p>\n<p>ihre nachricht<br \/>\n    <span class=\"wpcf7-form-control-wrap your-message\"><textarea name=\"your-message\" cols=\"40\" rows=\"10\" class=\"wpcf7-form-control wpcf7-textarea\" aria-invalid=\"false\"><\/textarea><\/span> <\/p>\n<p><input type=\"submit\" value=\"senden\" class=\"wpcf7-form-control wpcf7-submit\" \/><\/p>\n<div class=\"wpcf7-response-output wpcf7-display-none\"><\/div><\/form><\/div>\n<p><strong>impressum <\/strong><\/p>\n<p>sabrina bruker<br \/>\nfriedenstrasse 64<br \/>\n75173 pforzheim<br \/>\nsabrina.tauscher[a]gmail.com<\/p>\n<p><strong>disclaimer &#8211; rechtliche hinweise<\/strong><\/p>\n<p>1. haftungsbeschr\u00e4nkung<br \/>\ndie inhalte dieser website werden mit gr\u00f6\u00dftm\u00f6glicher sorgfalt erstellt. der anbieter \u00fcbernimmt jedoch keine gew\u00e4hr f\u00fcr die richtigkeit, vollst\u00e4ndigkeit und aktualit\u00e4t der bereitgestellten Inhalte. die nutzung der inhalte der website erfolgt auf eigene gefahr des nutzers. namentlich gekennzeichnete beitr\u00e4ge geben die meinung des jeweiligen autors und nicht die meinung des anbieters wieder. mit der reinen nutzung der website des anbieters kommt keinerlei vertragsverh\u00e4ltnis zwischen dem nutzer und dem anbieter zustande.<\/p>\n<p>2. externe links<br \/>\ndiese website enth\u00e4lt verkn\u00fcpfungen zu websites dritter (&#8222;externe links&#8220;). diese websites unterliegen der haftung der jeweiligen betreiber. der anbieter hat bei der erstmaligen verkn\u00fcpfung der externen links die fremden inhalte daraufhin \u00fcberpr\u00fcft, ob etwaige rechtsverst\u00f6\u00dfe bestehen. Zu dem zeitpunkt waren keine rechtsverst\u00f6\u00dfe ersichtlich. der anbieter hat keinerlei einfluss auf die aktuelle und zuk\u00fcnftige gestaltung und auf die inhalte der verkn\u00fcpften seiten. das setzen von externen links bedeutet nicht, dass sich der anbieter die hinter dem verweis oder link liegenden inhalte zu eigen macht. eine st\u00e4ndige kntrolle dieser externen links ist f\u00fcr den anbieter ohne konkrete hinweise auf rechtsverst\u00f6\u00dfe nicht zumutbar. bei kenntnis von rechtsverst\u00f6\u00dfen werden jedoch derartige externe links unverz\u00fcglich gel\u00f6scht.<\/p>\n<p>3. urheber- und leistungsschutzrechte<br \/>\ndie auf dieser website ver\u00f6ffentlichten inhalte unterliegen dem deutschen urheber- und leistungsschutzrecht. jede vom deutschen urheber- und leistungsschutzrecht nicht zugelassene verwertung bedarf der vorherigen schriftlichen zustimmung des anbieters oder jeweiligen rechteinhabers. dies gilt insbesondere f\u00fcr vervielf\u00e4ltigung, bearbeitung, \u00fcbersetzung, einspeicherung, verarbeitung bzw. wiedergabe von inhalten in datenbanken oder anderen elektronischen Medien und Systemen. inhalte und rechte dritter sind dabei als solche gekennzeichnet. die unerlaubte vervielf\u00e4ltigung oder weitergabe einzelner Inhalte oder kompletter Seiten ist nicht gestattet und strafbar.<\/p>\n<p>4. datenschutz<br \/>\ndurch den besuch der website des anbieters k\u00f6nnen informationen \u00fcber den zugriff (datum, uhrzeit, betrachtete seite) gespeichert werden. diese daten geh\u00f6ren nicht zu den personenbezogenen daten, sondern sind anonymisiert. sie werden ausschlie\u00dflich zu statistischen zwecken ausgewertet. eine weitergabe an dritte, zu kommerziellen oder nichtkommerziellen zwecken, findet nicht statt.<\/p>\n<p>der anbieter weist ausdr\u00fccklich darauf hin, dass die daten\u00fcbertragung im internet (z.B. bei der kommunikation per e-mail) sicherheitsl\u00fccken aufweisen und nicht l\u00fcckenlos vor dem zugriff durch dritte gesch\u00fctzt werden kann.<\/p>\n<p>unsere internetpr\u00e4senz verwendet sogenannte social plugins (nachfolgend &#8222;plugins&#8220; genannt) des sozialen netzwerks facebook.com, betrieben von der facebook Inc., 1601 S. california ave, palo alto, ca 94304, usa\u00a0 (nachfolgend &#8222;facebook&#8220; genannt&#8220;). die plugins werden durch facebook mit einem facebook-logo und\/oder dem zusatz &#8222;facebook social plugin&#8220; gekennzeichnet.<\/p>\n<p>verschiedene webseiten unserer internetpr\u00e4senz enthalten solche plugins, die beim seitenaufruf eine direkt verbindung zu den facebook-servern aufbauen. bei einer interaktion durch den benutzer mit einem dieser pugins (&#8222;gef\u00e4llt mir&#8220;, &#8222;weiterempfehlen&#8220;, &#8222;kommentieren&#8220;, u.\u00e4.) ist es f\u00fcr facebook m\u00f6glich, den besuch bestimmter seiten festzuhalten und auszuwerten. unter anderem k\u00f6nnen dabei Ihre ip-adresse und &#8211; sofern Sie auf facebook.com angemeldet und eingeloggt sind &#8211; ihr benutzername an facebook \u00fcbertragen werden. den seitenaufruf kann facebook also mit Ihren pers\u00f6nlichen daten kombinieren und sie somit identifizieren, wodurch eine erhebung der pers\u00f6nlichen daten stattfinden kann.<\/p>\n<p>den tats\u00e4chlichen zweck und umfang der datenerhebung seitens facebook sowie die weitere verarbeitung und verwendung dieser daten sowie Ihre rechte und einstellungsm\u00f6glichkeiten zum schutz der privatssph\u00e4re k\u00f6nnen Sie den datenschutzhinweisen (http:\/\/www.facebook.com\/policy.php) von facebook entnehmen. sofern Sie bei facebook angemeldet sind und nicht m\u00f6chten, dass facebook durch plugins daten \u00fcber sie sammeln kann, m\u00fcssen Sie sich vor dem besuch auf unserer internetpr\u00e4senz bei facebook.com ausloggen.<\/p>\n<p>die Verwendung der kontaktdaten des impressums zur gewerblichen werbung ist ausdr\u00fccklich nicht erw\u00fcnscht, es sei denn der anbieter hatte zuvor seine schriftliche einwilligung erteilt oder es besteht bereits eine gesch\u00e4ftsbeziehung. der anbieter und alle auf dieser Website genannten personen widersprechen hiermit jeder kommerziellen verwendung und weitergabe ihrer daten.<\/p>\n<p>5. besondere nutzungsbedingungen<br \/>\nsoweit besondere bedingungen f\u00fcr einzelne nutzungen dieser website von den vorgenannten nummern 1. bis 4. abweichen, wird an entsprechender stelle ausdr\u00fccklich darauf hingewiesen. in diesem falle gelten im jeweiligen einzelfall die besonderen nutzungsbedingungen.<\/p>\n<p>quelle: <a href=\"http:\/\/www.experten-branchenbuch.de\/\">anw\u00e4lte<\/a>, <a href=\"http:\/\/www.experten-branchenbuch.de\/rechtsanwalt\/bochum\/\">anwalt bochum<\/a>, <a href=\"http:\/\/www.experten-branchenbuch.de\/rechtsanwalt\/sozialrecht\/\">sozialrecht<\/a>, <a href=\"http:\/\/www.experten-branchenbuch.de\/ratgeber\/rechtsanwalt\/\">Rechtstipps<\/a>, <a href=\"http:\/\/www.experten-branchenbuch.de\/sachverstaendiger-gutachter\/\">sachverst\u00e4ndiger<\/a><\/p>\n<div class=\"twoclick_social_bookmarks_post_9 social_share_privacy clearfix 1.6.4 locale-de_DE sprite-de_DE\"><\/div><div class=\"twoclick-js\"><script type=\"text\/javascript\">\/* <![CDATA[ *\/\njQuery(document).ready(function($){if($('.twoclick_social_bookmarks_post_9')){$('.twoclick_social_bookmarks_post_9').socialSharePrivacy({\"services\":{\"facebook\":{\"status\":\"on\",\"txt_info\":\"2 Klicks f\\u00fcr mehr Datenschutz: Erst wenn Sie hier klicken, wird der Button aktiv und Sie k\\u00f6nnen Ihre Empfehlung an Facebook senden. Schon beim Aktivieren werden Daten an Dritte \\u00fcbertragen - siehe <em>i<\\\/em>.\",\"perma_option\":\"off\",\"action\":\"like\",\"language\":\"de_DE\"},\"twitter\":{\"reply_to\":\"\",\"tweet_text\":\"kontakt%20%C2%BB%20knipskiste\",\"status\":\"on\",\"txt_info\":\"2 Klicks f\\u00fcr mehr Datenschutz: Erst wenn Sie hier klicken, wird der Button aktiv und Sie k\\u00f6nnen Ihre Empfehlung an Twitter senden. Schon beim Aktivieren werden Daten an Dritte \\u00fcbertragen - siehe <em>i<\\\/em>.\",\"perma_option\":\"off\",\"language\":\"de\",\"referrer_track\":\"\"},\"gplus\":{\"status\":\"on\",\"txt_info\":\"2 Klicks f\\u00fcr mehr Datenschutz: Erst wenn Sie hier klicken, wird der Button aktiv und Sie k\\u00f6nnen Ihre Empfehlung an Google+ senden. Schon beim Aktivieren werden Daten an Dritte \\u00fcbertragen - siehe <em>i<\\\/em>.\",\"perma_option\":\"off\",\"referrer_track\":\"\"},\"flattr\":{\"uid\":\"\",\"status\":\"on\",\"the_title\":\"kontakt\",\"the_excerpt\":\"impressum%20%0D%0A%0D%0Asabrina%20bruker%0D%0Afriedenstrasse%2064%0D%0A75173%20pforzheim%0D%0Asabrina.tauscher%5Ba%5Dgmail.com%0D%0A%0D%0Adisclaimer%20-%20rechtliche%20hinweise%0D%0A%0D%0A1.%20haftungsbeschr%C3%A4nkung%0D%0Adie%20inhalte%20dieser%20website%20werden%20mit%20gr%C3%B6%C3%9Ftm%C3%B6glicher%20sorgfalt%20erstellt.%20der%20anbieter%20%C3%BCbernimmt%20jedoch%20keine%20gew%C3%A4hr%20f%C3%BCr%20die%20richtigkeit%2C%20vollst%C3%A4ndigkeit%20und%20aktualit%C3%A4t%20der%20bereitgestellten%20Inhalte.%20die%20nutzung%20der%20inhalte%20der%20website%20erfo%20...\",\"txt_info\":\"2 Klicks f\\u00fcr mehr Datenschutz: Erst wenn Sie hier klicken, wird der Button aktiv und Sie k\\u00f6nnen Ihre Empfehlung an Flattr senden. Schon beim Aktivieren werden Daten an Dritte \\u00fcbertragen - siehe <em>i<\\\/em>.\",\"perma_option\":\"off\"}},\"txt_help\":\"Wenn Sie diese Felder durch einen Klick aktivieren, werden Informationen an Facebook, Twitter, Flattr, Xing, t3n, LinkedIn, Pinterest oder Google eventuell ins Ausland \\u00fcbertragen und unter Umst\\u00e4nden auch dort gespeichert. N\\u00e4heres erfahren Sie durch einen Klick auf das <em>i<\\\/em>.\",\"settings_perma\":\"Dauerhaft aktivieren und Daten\\u00fcber-tragung zustimmen:\",\"info_link\":\"http:\\\/\\\/www.heise.de\\\/ct\\\/artikel\\\/2-Klicks-fuer-mehr-Datenschutz-1333879.html\",\"uri\":\"http:\\\/\\\/www.knipskiste.com\\\/?page_id=9\",\"post_id\":9,\"post_title_referrer_track\":\"kontakt\",\"display_infobox\":\"on\"});}});\n\/* ]]> *\/<\/script><\/div>","protected":false},"excerpt":{"rendered":"<p>impressum sabrina bruker friedenstrasse 64 75173 pforzheim sabrina.tauscher[a]gmail.com disclaimer &#8211; rechtliche hinweise 1. haftungsbeschr\u00e4nkung die inhalte dieser website werden mit gr\u00f6\u00dftm\u00f6glicher sorgfalt erstellt. der anbieter \u00fcbernimmt jedoch keine gew\u00e4hr f\u00fcr die richtigkeit, vollst\u00e4ndigkeit und aktualit\u00e4t der bereitgestellten Inhalte. die nutzung der inhalte der website erfolgt auf eigene gefahr des nutzers. namentlich gekennzeichnete beitr\u00e4ge geben die [&hellip;]<\/p>\n","protected":false},"author":1,"featured_media":0,"parent":0,"menu_order":0,"comment_status":"open","ping_status":"open","template":"","meta":[],"_links":{"self":[{"href":"http:\/\/www.knipskiste.com\/index.php?rest_route=\/wp\/v2\/pages\/9"}],"collection":[{"href":"http:\/\/www.knipskiste.com\/index.php?rest_route=\/wp\/v2\/pages"}],"about":[{"href":"http:\/\/www.knipskiste.com\/index.php?rest_route=\/wp\/v2\/types\/page"}],"author":[{"embeddable":true,"href":"http:\/\/www.knipskiste.com\/index.php?rest_route=\/wp\/v2\/users\/1"}],"replies":[{"embeddable":true,"href":"http:\/\/www.knipskiste.com\/index.php?rest_route=%2Fwp%2Fv2%2Fcomments&post=9"}],"version-history":[{"count":10,"href":"http:\/\/www.knipskiste.com\/index.php?rest_route=\/wp\/v2\/pages\/9\/revisions"}],"predecessor-version":[{"id":199,"href":"http:\/\/www.knipskiste.com\/index.php?rest_route=\/wp\/v2\/pages\/9\/revisions\/199"}],"wp:attachment":[{"href":"http:\/\/www.knipskiste.com\/index.php?rest_route=%2Fwp%2Fv2%2Fmedia&parent=9"}],"curies":[{"name":"wp","href":"https:\/\/api.w.org\/{rel}","templated":true}]}}